{"id":352,"date":"2020-06-06T10:05:22","date_gmt":"2020-06-06T08:05:22","guid":{"rendered":"http:\/\/mm-concept.lu\/?page_id=352"},"modified":"2020-06-24T13:49:55","modified_gmt":"2020-06-24T11:49:55","slug":"macon-maconneh-f","status":"publish","type":"page","link":"https:\/\/mm-concept.lu\/de\/macon-maconneh-f\/","title":{"rendered":"Ma\u00e7on-Ma\u00e7onneH\/F"},"content":{"rendered":"<div data-elementor-type=\"wp-page\" data-elementor-id=\"352\" class=\"elementor elementor-352\" data-elementor-post-type=\"page\">\n\t\t\t\t\t\t<section class=\"elementor-section elementor-top-section elementor-element elementor-element-12352db elementor-section-boxed elementor-section-height-default elementor-section-height-default\" data-id=\"12352db\" data-element_type=\"section\" data-e-type=\"section\">\n\t\t\t\t\t\t<div class=\"elementor-container elementor-column-gap-default\">\n\t\t\t\t\t<div class=\"elementor-column elementor-col-100 elementor-top-column elementor-element elementor-element-5342b93\" data-id=\"5342b93\" data-element_type=\"column\" data-e-type=\"column\">\n\t\t\t<div class=\"elementor-widget-wrap elementor-element-populated\">\n\t\t\t\t\t\t<div class=\"elementor-element elementor-element-38053b9 elementor-widget elementor-widget-heading\" data-id=\"38053b9\" data-element_type=\"widget\" data-e-type=\"widget\" data-widget_type=\"heading.default\">\n\t\t\t\t<div class=\"elementor-widget-container\">\n\t\t\t\t\t<h1 class=\"elementor-heading-title elementor-size-default\">Maurer M \/ W<\/h1>\t\t\t\t<\/div>\n\t\t\t\t<\/div>\n\t\t\t\t\t<\/div>\n\t\t<\/div>\n\t\t\t\t\t<\/div>\n\t\t<\/section>\n\t\t\t\t<section class=\"elementor-section elementor-top-section elementor-element elementor-element-9ae6a9b elementor-section-boxed elementor-section-height-default elementor-section-height-default\" data-id=\"9ae6a9b\" data-element_type=\"section\" data-e-type=\"section\">\n\t\t\t\t\t\t<div class=\"elementor-container elementor-column-gap-default\">\n\t\t\t\t\t<div class=\"elementor-column elementor-col-100 elementor-top-column elementor-element elementor-element-6986a94\" data-id=\"6986a94\" data-element_type=\"column\" data-e-type=\"column\">\n\t\t\t<div class=\"elementor-widget-wrap elementor-element-populated\">\n\t\t\t\t\t\t<div class=\"elementor-element elementor-element-35b284c elementor-widget elementor-widget-text-editor\" data-id=\"35b284c\" data-element_type=\"widget\" data-e-type=\"widget\" data-widget_type=\"text-editor.default\">\n\t\t\t\t<div class=\"elementor-widget-container\">\n\t\t\t\t\t\t\t\t\t<p>Nous recherchons un\/ une ma\u00e7on(ne) autonome.<br \/><br \/>Le salari\u00e9 sera en charge de la cr\u00e9ation et\/ou de la r\u00e9novation d&rsquo;ouvrages ma\u00e7onn\u00e9s sur chantier.<br \/>Polyvalent, sur le chantier il\/elle sera autonome et ma\u00eetrisera l&rsquo;ensemble des techniques dans le domaine de la ma\u00e7onnerie (Coffrage, banchage, r\u00e9alisation d&rsquo;ouvrage type b\u00e9tons d\u00e9sactiv\u00e9, murs, murets, dallage&#8230;)<br \/>Vous interviendrez sur du neuf et de la r\u00e9novation, chez des particuliers ou pour des entreprises, collectivit\u00e9s.<br \/>Une polyvalence sur d&rsquo;autres corps d&rsquo;\u00e9tat sera appr\u00e9ci\u00e9e mais pas exig\u00e9e.<br \/>Permis B exig\u00e9. Le Permis BE sera appr\u00e9ci\u00e9.<br \/><br \/>Il\/elle sera en charge de l&rsquo;entretien du mat\u00e9riel utilis\u00e9 sur le chantier.<br \/>Le salari\u00e9 devra respecter le cadre d&rsquo;activit\u00e9 de l&rsquo;entreprise.<\/p>\t\t\t\t\t\t\t\t<\/div>\n\t\t\t\t<\/div>\n\t\t\t\t\t<\/div>\n\t\t<\/div>\n\t\t\t\t\t<\/div>\n\t\t<\/section>\n\t\t\t\t<section class=\"elementor-section elementor-top-section elementor-element elementor-element-5217175 elementor-section-boxed elementor-section-height-default elementor-section-height-default\" data-id=\"5217175\" data-element_type=\"section\" data-e-type=\"section\">\n\t\t\t\t\t\t<div class=\"elementor-container elementor-column-gap-default\">\n\t\t\t\t\t<div class=\"elementor-column elementor-col-100 elementor-top-column elementor-element elementor-element-d586cb5\" data-id=\"d586cb5\" data-element_type=\"column\" data-e-type=\"column\">\n\t\t\t<div class=\"elementor-widget-wrap elementor-element-populated\">\n\t\t\t\t\t\t<div class=\"elementor-element elementor-element-3ec41b7 elementor-align-center elementor-widget elementor-widget-button\" data-id=\"3ec41b7\" data-element_type=\"widget\" data-e-type=\"widget\" data-widget_type=\"button.default\">\n\t\t\t\t<div class=\"elementor-widget-container\">\n\t\t\t\t\t\t\t\t\t<div class=\"elementor-button-wrapper\">\n\t\t\t\t\t<a class=\"elementor-button elementor-button-link elementor-size-xl\" href=\"https:\/\/mm-concept.lu\/de\/candidature\/\">\n\t\t\t\t\t\t<span class=\"elementor-button-content-wrapper\">\n\t\t\t\t\t\t\t\t\t<span class=\"elementor-button-text\">POSTULER<\/span>\n\t\t\t\t\t<\/span>\n\t\t\t\t\t<\/a>\n\t\t\t\t<\/div>\n\t\t\t\t\t\t\t\t<\/div>\n\t\t\t\t<\/div>\n\t\t\t\t\t<\/div>\n\t\t<\/div>\n\t\t\t\t\t<\/div>\n\t\t<\/section>\n\t\t\t\t<\/div>","protected":false},"excerpt":{"rendered":"<p>Ma\u00e7on &#8211; Ma\u00e7onne H\/F Nous recherchons un\/ une ma\u00e7on(ne) autonome. Le salari\u00e9 sera en charge de la cr\u00e9ation et\/ou de la r\u00e9novation d&rsquo;ouvrages ma\u00e7onn\u00e9s sur chantier.Polyvalent, sur le chantier il\/elle sera autonome et ma\u00eetrisera l&rsquo;ensemble des techniques dans le domaine de la ma\u00e7onnerie (Coffrage, banchage, r\u00e9alisation d&rsquo;ouvrage type b\u00e9tons d\u00e9sactiv\u00e9, murs, murets, dallage&#8230;)Vous interviendrez sur [&hellip;]<\/p>\n","protected":false},"author":1,"featured_media":0,"parent":0,"menu_order":0,"comment_status":"closed","ping_status":"closed","template":"","meta":{"ocean_post_layout":"full-screen","ocean_both_sidebars_style":"","ocean_both_sidebars_content_width":0,"ocean_both_sidebars_sidebars_width":0,"ocean_sidebar":"0","ocean_second_sidebar":"0","ocean_disable_margins":"enable","ocean_add_body_class":"","ocean_shortcode_before_top_bar":"","ocean_shortcode_after_top_bar":"","ocean_shortcode_before_header":"","ocean_shortcode_after_header":"","ocean_has_shortcode":"","ocean_shortcode_after_title":"","ocean_shortcode_before_footer_widgets":"","ocean_shortcode_after_footer_widgets":"","ocean_shortcode_before_footer_bottom":"","ocean_shortcode_after_footer_bottom":"","ocean_display_top_bar":"on","ocean_display_header":"on","ocean_header_style":"","ocean_center_header_left_menu":"0","ocean_custom_header_template":"0","ocean_custom_logo":0,"ocean_custom_retina_logo":0,"ocean_custom_logo_max_width":0,"ocean_custom_logo_tablet_max_width":0,"ocean_custom_logo_mobile_max_width":0,"ocean_custom_logo_max_height":0,"ocean_custom_logo_tablet_max_height":0,"ocean_custom_logo_mobile_max_height":0,"ocean_header_custom_menu":"0","ocean_menu_typo_font_family":"0","ocean_menu_typo_font_subset":"","ocean_menu_typo_font_size":0,"ocean_menu_typo_font_size_tablet":0,"ocean_menu_typo_font_size_mobile":0,"ocean_menu_typo_font_size_unit":"px","ocean_menu_typo_font_weight":"","ocean_menu_typo_font_weight_tablet":"","ocean_menu_typo_font_weight_mobile":"","ocean_menu_typo_transform":"","ocean_menu_typo_transform_tablet":"","ocean_menu_typo_transform_mobile":"","ocean_menu_typo_line_height":0,"ocean_menu_typo_line_height_tablet":0,"ocean_menu_typo_line_height_mobile":0,"ocean_menu_typo_line_height_unit":"","ocean_menu_typo_spacing":0,"ocean_menu_typo_spacing_tablet":0,"ocean_menu_typo_spacing_mobile":0,"ocean_menu_typo_spacing_unit":"","ocean_menu_link_color":"","ocean_menu_link_color_hover":"","ocean_menu_link_color_active":"","ocean_menu_link_background":"","ocean_menu_link_hover_background":"","ocean_menu_link_active_background":"","ocean_menu_social_links_bg":"","ocean_menu_social_hover_links_bg":"","ocean_menu_social_links_color":"","ocean_menu_social_hover_links_color":"","ocean_disable_title":"on","ocean_disable_heading":"default","ocean_post_title":"","ocean_post_subheading":"","ocean_post_title_style":"","ocean_post_title_background_color":"","ocean_post_title_background":0,"ocean_post_title_bg_image_position":"","ocean_post_title_bg_image_attachment":"","ocean_post_title_bg_image_repeat":"","ocean_post_title_bg_image_size":"","ocean_post_title_height":0,"ocean_post_title_bg_overlay":0.5,"ocean_post_title_bg_overlay_color":"","ocean_disable_breadcrumbs":"default","ocean_breadcrumbs_color":"","ocean_breadcrumbs_separator_color":"","ocean_breadcrumbs_links_color":"","ocean_breadcrumbs_links_hover_color":"","ocean_display_footer_widgets":"default","ocean_display_footer_bottom":"default","ocean_custom_footer_template":"0","footnotes":""},"class_list":["post-352","page","type-page","status-publish","hentry","entry"],"yoast_head":"<!-- This site is optimized with the Yoast SEO Premium plugin v27.4 (Yoast SEO v27.4) - https:\/\/yoast.com\/product\/yoast-seo-premium-wordpress\/ -->\n<title>Entreprise de r\u00e9novation au Luxembourg | M&amp;M Concept<\/title>\n<meta name=\"description\" content=\"M&amp;M Concept, entreprise de r\u00e9novation au Luxembourg. Salle de bain, fa\u00e7ade, carrelage et r\u00e9novation compl\u00e8te. Devis rapide et accompagnement professionnel.\" \/>\n<meta name=\"robots\" content=\"index, follow, max-snippet:-1, max-image-preview:large, max-video-preview:-1\" \/>\n<link rel=\"canonical\" href=\"https:\/\/mm-concept.lu\/de\/macon-maconneh-f\/\" \/>\n<meta property=\"og:locale\" content=\"de_DE\" \/>\n<meta property=\"og:type\" content=\"article\" \/>\n<meta property=\"og:title\" content=\"Ma\u00e7on-Ma\u00e7onneH\/F M&amp;M Concept \u2013 R\u00e9novation &amp; Construction au Luxembourg\" \/>\n<meta property=\"og:description\" content=\"Vous avez un projet de r\u00e9novation ?M&amp;M Concept vous accompagne de A \u00e0 Z au Luxembourg.Contactez-nous pour un devis rapide.\" \/>\n<meta property=\"og:url\" content=\"https:\/\/mm-concept.lu\/de\/macon-maconneh-f\/\" \/>\n<meta property=\"og:site_name\" content=\"M&amp;M-concept\" \/>\n<meta property=\"article:publisher\" content=\"https:\/\/www.facebook.com\/profile.php?id=100063796921636\" \/>\n<meta property=\"article:modified_time\" content=\"2020-06-24T11:49:55+00:00\" \/>\n<meta property=\"og:image\" content=\"https:\/\/mm-concept.lu\/wp-content\/uploads\/2026\/02\/1-1.png\" \/>\n\t<meta property=\"og:image:width\" content=\"1536\" \/>\n\t<meta property=\"og:image:height\" content=\"1024\" \/>\n\t<meta property=\"og:image:type\" content=\"image\/png\" \/>\n<meta name=\"twitter:card\" content=\"summary_large_image\" \/>\n<meta name=\"twitter:label1\" content=\"Gesch\u00e4tzte Lesezeit\" \/>\n\t<meta name=\"twitter:data1\" content=\"1\u00a0Minute\" \/>\n<script type=\"application\/ld+json\" class=\"yoast-schema-graph\">{\"@context\":\"https:\\\/\\\/schema.org\",\"@graph\":[{\"@type\":\"WebPage\",\"@id\":\"https:\\\/\\\/mm-concept.lu\\\/macon-maconneh-f\\\/\",\"url\":\"https:\\\/\\\/mm-concept.lu\\\/macon-maconneh-f\\\/\",\"name\":\"Entreprise de r\u00e9novation au Luxembourg | M&M Concept\",\"isPartOf\":{\"@id\":\"https:\\\/\\\/mm-concept.lu\\\/#website\"},\"datePublished\":\"2020-06-06T08:05:22+00:00\",\"dateModified\":\"2020-06-24T11:49:55+00:00\",\"description\":\"M&M Concept, entreprise de r\u00e9novation au Luxembourg. Salle de bain, fa\u00e7ade, carrelage et r\u00e9novation compl\u00e8te. Devis rapide et accompagnement professionnel.\",\"breadcrumb\":{\"@id\":\"https:\\\/\\\/mm-concept.lu\\\/macon-maconneh-f\\\/#breadcrumb\"},\"inLanguage\":\"de\",\"potentialAction\":[{\"@type\":\"ReadAction\",\"target\":[\"https:\\\/\\\/mm-concept.lu\\\/macon-maconneh-f\\\/\"]}]},{\"@type\":\"BreadcrumbList\",\"@id\":\"https:\\\/\\\/mm-concept.lu\\\/macon-maconneh-f\\\/#breadcrumb\",\"itemListElement\":[{\"@type\":\"ListItem\",\"position\":1,\"name\":\"Accueil\",\"item\":\"https:\\\/\\\/mm-concept.lu\\\/\"},{\"@type\":\"ListItem\",\"position\":2,\"name\":\"Ma\u00e7on-Ma\u00e7onneH\\\/F\"}]},{\"@type\":\"WebSite\",\"@id\":\"https:\\\/\\\/mm-concept.lu\\\/#website\",\"url\":\"https:\\\/\\\/mm-concept.lu\\\/\",\"name\":\"M&M-concept\",\"description\":\"Entreprise de r\u00e9novation et construction au Luxembourg\",\"publisher\":{\"@id\":\"https:\\\/\\\/mm-concept.lu\\\/#organization\"},\"alternateName\":\"MM Concept Luxembourg\",\"potentialAction\":[{\"@type\":\"SearchAction\",\"target\":{\"@type\":\"EntryPoint\",\"urlTemplate\":\"https:\\\/\\\/mm-concept.lu\\\/?s={search_term_string}\"},\"query-input\":{\"@type\":\"PropertyValueSpecification\",\"valueRequired\":true,\"valueName\":\"search_term_string\"}}],\"inLanguage\":\"de\"},{\"@type\":\"Organization\",\"@id\":\"https:\\\/\\\/mm-concept.lu\\\/#organization\",\"name\":\"M&M Concept\",\"alternateName\":\"MM Concept Luxembourg\",\"url\":\"https:\\\/\\\/mm-concept.lu\\\/\",\"logo\":{\"@type\":\"ImageObject\",\"inLanguage\":\"de\",\"@id\":\"https:\\\/\\\/mm-concept.lu\\\/#\\\/schema\\\/logo\\\/image\\\/\",\"url\":\"https:\\\/\\\/mm-concept.lu\\\/wp-content\\\/uploads\\\/2020\\\/03\\\/MM-Portraitlogo.png\",\"contentUrl\":\"https:\\\/\\\/mm-concept.lu\\\/wp-content\\\/uploads\\\/2020\\\/03\\\/MM-Portraitlogo.png\",\"width\":1920,\"height\":1080,\"caption\":\"M&M Concept\"},\"image\":{\"@id\":\"https:\\\/\\\/mm-concept.lu\\\/#\\\/schema\\\/logo\\\/image\\\/\"},\"sameAs\":[\"https:\\\/\\\/www.facebook.com\\\/profile.php?id=100063796921636\"],\"description\":\"Entreprise de r\u00e9novation et construction au Luxembourg, M&M Concept accompagne ses clients pour les travaux de salle de bain, fa\u00e7ade, carrelage et r\u00e9novation compl\u00e8te. Un seul interlocuteur pour tous vos travaux, avec devis rapide et suivi professionnel.\",\"email\":\"info@mm-concept.lu\",\"telephone\":\"+352 20 33 10 00\",\"legalName\":\"M&M Concept\",\"foundingDate\":\"2020-07-30\",\"vatID\":\"LU32346842\",\"numberOfEmployees\":{\"@type\":\"QuantitativeValue\",\"minValue\":\"11\",\"maxValue\":\"50\"}}]}<\/script>\n<!-- \/ Yoast SEO Premium plugin. -->","yoast_head_json":{"title":"Entreprise de r\u00e9novation au Luxembourg | M&M Concept","description":"M&M Concept, entreprise de r\u00e9novation au Luxembourg. Salle de bain, fa\u00e7ade, carrelage et r\u00e9novation compl\u00e8te. Devis rapide et accompagnement professionnel.","robots":{"index":"index","follow":"follow","max-snippet":"max-snippet:-1","max-image-preview":"max-image-preview:large","max-video-preview":"max-video-preview:-1"},"canonical":"https:\/\/mm-concept.lu\/de\/macon-maconneh-f\/","og_locale":"de_DE","og_type":"article","og_title":"Ma\u00e7on-Ma\u00e7onneH\/F M&M Concept \u2013 R\u00e9novation & Construction au Luxembourg","og_description":"Vous avez un projet de r\u00e9novation ?M&M Concept vous accompagne de A \u00e0 Z au Luxembourg.Contactez-nous pour un devis rapide.","og_url":"https:\/\/mm-concept.lu\/de\/macon-maconneh-f\/","og_site_name":"M&amp;M-concept","article_publisher":"https:\/\/www.facebook.com\/profile.php?id=100063796921636","article_modified_time":"2020-06-24T11:49:55+00:00","og_image":[{"width":1536,"height":1024,"url":"https:\/\/mm-concept.lu\/wp-content\/uploads\/2026\/02\/1-1.png","type":"image\/png"}],"twitter_card":"summary_large_image","twitter_misc":{"Gesch\u00e4tzte Lesezeit":"1\u00a0Minute"},"schema":{"@context":"https:\/\/schema.org","@graph":[{"@type":"WebPage","@id":"https:\/\/mm-concept.lu\/macon-maconneh-f\/","url":"https:\/\/mm-concept.lu\/macon-maconneh-f\/","name":"Entreprise de r\u00e9novation au Luxembourg | M&M Concept","isPartOf":{"@id":"https:\/\/mm-concept.lu\/#website"},"datePublished":"2020-06-06T08:05:22+00:00","dateModified":"2020-06-24T11:49:55+00:00","description":"M&M Concept, entreprise de r\u00e9novation au Luxembourg. Salle de bain, fa\u00e7ade, carrelage et r\u00e9novation compl\u00e8te. Devis rapide et accompagnement professionnel.","breadcrumb":{"@id":"https:\/\/mm-concept.lu\/macon-maconneh-f\/#breadcrumb"},"inLanguage":"de","potentialAction":[{"@type":"ReadAction","target":["https:\/\/mm-concept.lu\/macon-maconneh-f\/"]}]},{"@type":"BreadcrumbList","@id":"https:\/\/mm-concept.lu\/macon-maconneh-f\/#breadcrumb","itemListElement":[{"@type":"ListItem","position":1,"name":"Accueil","item":"https:\/\/mm-concept.lu\/"},{"@type":"ListItem","position":2,"name":"Ma\u00e7on-Ma\u00e7onneH\/F"}]},{"@type":"WebSite","@id":"https:\/\/mm-concept.lu\/#website","url":"https:\/\/mm-concept.lu\/","name":"M&M-concept","description":"Entreprise de r\u00e9novation et construction au Luxembourg","publisher":{"@id":"https:\/\/mm-concept.lu\/#organization"},"alternateName":"MM Concept Luxembourg","potentialAction":[{"@type":"SearchAction","target":{"@type":"EntryPoint","urlTemplate":"https:\/\/mm-concept.lu\/?s={search_term_string}"},"query-input":{"@type":"PropertyValueSpecification","valueRequired":true,"valueName":"search_term_string"}}],"inLanguage":"de"},{"@type":"Organization","@id":"https:\/\/mm-concept.lu\/#organization","name":"M&M Concept","alternateName":"MM Concept Luxembourg","url":"https:\/\/mm-concept.lu\/","logo":{"@type":"ImageObject","inLanguage":"de","@id":"https:\/\/mm-concept.lu\/#\/schema\/logo\/image\/","url":"https:\/\/mm-concept.lu\/wp-content\/uploads\/2020\/03\/MM-Portraitlogo.png","contentUrl":"https:\/\/mm-concept.lu\/wp-content\/uploads\/2020\/03\/MM-Portraitlogo.png","width":1920,"height":1080,"caption":"M&M Concept"},"image":{"@id":"https:\/\/mm-concept.lu\/#\/schema\/logo\/image\/"},"sameAs":["https:\/\/www.facebook.com\/profile.php?id=100063796921636"],"description":"Entreprise de r\u00e9novation et construction au Luxembourg, M&M Concept accompagne ses clients pour les travaux de salle de bain, fa\u00e7ade, carrelage et r\u00e9novation compl\u00e8te. Un seul interlocuteur pour tous vos travaux, avec devis rapide et suivi professionnel.","email":"info@mm-concept.lu","telephone":"+352 20 33 10 00","legalName":"M&M Concept","foundingDate":"2020-07-30","vatID":"LU32346842","numberOfEmployees":{"@type":"QuantitativeValue","minValue":"11","maxValue":"50"}}]}},"_links":{"self":[{"href":"https:\/\/mm-concept.lu\/de\/wp-json\/wp\/v2\/pages\/352","targetHints":{"allow":["GET"]}}],"collection":[{"href":"https:\/\/mm-concept.lu\/de\/wp-json\/wp\/v2\/pages"}],"about":[{"href":"https:\/\/mm-concept.lu\/de\/wp-json\/wp\/v2\/types\/page"}],"author":[{"embeddable":true,"href":"https:\/\/mm-concept.lu\/de\/wp-json\/wp\/v2\/users\/1"}],"replies":[{"embeddable":true,"href":"https:\/\/mm-concept.lu\/de\/wp-json\/wp\/v2\/comments?post=352"}],"version-history":[{"count":0,"href":"https:\/\/mm-concept.lu\/de\/wp-json\/wp\/v2\/pages\/352\/revisions"}],"wp:attachment":[{"href":"https:\/\/mm-concept.lu\/de\/wp-json\/wp\/v2\/media?parent=352"}],"curies":[{"name":"wp","href":"https:\/\/api.w.org\/{rel}","templated":true}]}}