{"id":326,"date":"2020-05-29T12:31:31","date_gmt":"2020-05-29T10:31:31","guid":{"rendered":"http:\/\/mm-concept.lu\/?page_id=326"},"modified":"2020-07-20T09:39:52","modified_gmt":"2020-07-20T07:39:52","slug":"confidentialite","status":"publish","type":"page","link":"https:\/\/mm-concept.lu\/de\/confidentialite\/","title":{"rendered":"Confidentialite"},"content":{"rendered":"<div data-elementor-type=\"wp-page\" data-elementor-id=\"326\" class=\"elementor elementor-326\" data-elementor-post-type=\"page\">\n\t\t\t\t\t\t<section class=\"elementor-section elementor-top-section elementor-element elementor-element-b039cb8 elementor-section-boxed elementor-section-height-default elementor-section-height-default\" data-id=\"b039cb8\" data-element_type=\"section\" data-e-type=\"section\">\n\t\t\t\t\t\t<div class=\"elementor-container elementor-column-gap-default\">\n\t\t\t\t\t<div class=\"elementor-column elementor-col-100 elementor-top-column elementor-element elementor-element-3e21a1a\" data-id=\"3e21a1a\" data-element_type=\"column\" data-e-type=\"column\">\n\t\t\t<div class=\"elementor-widget-wrap elementor-element-populated\">\n\t\t\t\t\t\t<div class=\"elementor-element elementor-element-0522bd1 elementor-widget elementor-widget-heading\" data-id=\"0522bd1\" data-element_type=\"widget\" data-e-type=\"widget\" data-widget_type=\"heading.default\">\n\t\t\t\t<div class=\"elementor-widget-container\">\n\t\t\t\t\t<h2 class=\"elementor-heading-title elementor-size-default\">Hinweis f\u00fcr die Aufmerksamkeit der Kunden des Unternehmens<\/h2>\t\t\t\t<\/div>\n\t\t\t\t<\/div>\n\t\t\t\t\t<\/div>\n\t\t<\/div>\n\t\t\t\t\t<\/div>\n\t\t<\/section>\n\t\t\t\t<section class=\"elementor-section elementor-top-section elementor-element elementor-element-d8d447c elementor-section-boxed elementor-section-height-default elementor-section-height-default\" data-id=\"d8d447c\" data-element_type=\"section\" data-e-type=\"section\">\n\t\t\t\t\t\t<div class=\"elementor-container elementor-column-gap-default\">\n\t\t\t\t\t<div class=\"elementor-column elementor-col-100 elementor-top-column elementor-element elementor-element-59720d0\" data-id=\"59720d0\" data-element_type=\"column\" data-e-type=\"column\">\n\t\t\t<div class=\"elementor-widget-wrap elementor-element-populated\">\n\t\t\t\t\t\t<div class=\"elementor-element elementor-element-da1ad6b elementor-widget elementor-widget-text-editor\" data-id=\"da1ad6b\" data-element_type=\"widget\" data-e-type=\"widget\" data-widget_type=\"text-editor.default\">\n\t\t\t\t<div class=\"elementor-widget-container\">\n\t\t\t\t\t\t\t\t\t<h2><span style=\"font-size: 18px; font-weight: 600;\">I. Allgemeine Informationen<\/span><\/h2><div><strong>Letztes Update :<\/strong><\/div><div>29. Mai 2020<\/div><div>\u00a0<\/div><div><strong>Unsere Verlobung<\/strong><\/div><div>M&amp;M Concept S.\u00e0.r.l-s verpflichtet sich, Ihre Privatsph\u00e4re zu sch\u00fctzen und den Schutz Ihrer pers\u00f6nlichen Daten zu gew\u00e4hrleisten. Diese Verhaltensregeln zur Wahrung der Privatsph\u00e4re erl\u00e4utern die Art der von uns erhobenen personenbezogenen Daten sowie deren Verwendung, Offenlegung und Schutz.<\/div><div>\u00a0<\/div><div><strong>Was deckt dieses Dokument ab?<\/strong><\/div><div>Diese Verhaltensregeln zur Achtung des Privatlebens gelten f\u00fcr alle personenbezogenen Daten, die Sie w\u00e4hrend eines Kontakts mit einem Mitarbeiter oder Vertreter von M &amp; M Concept S.\u00e0.rl-s \u00fcbermittelt haben, und f\u00fcr letztere ist in der Lage, im Rahmen von kommerziellen Aktivit\u00e4ten zu handeln.<\/div><div>\u00a0<\/div><div><strong>Wer ist f\u00fcr Ihre Daten verantwortlich?\u00a0<\/strong><\/div><div>M&amp;M Concept S.\u00e0.r.l-s hat einen Datenschutzbeauftragten ernannt, um die Einhaltung der Vorschriften zu gew\u00e4hrleisten.<\/div><div>\u00a0<\/div><table border=\"1\" width=\"602\" cellspacing=\"0\" cellpadding=\"0\"><tbody><tr><td nowrap=\"nowrap\"><div><strong>Datenverantwortlicher und Datenschutzbeauftragter<\/strong><\/div><\/td><\/tr><tr><td nowrap=\"nowrap\"><div align=\"left\">Nom :\u00a0\u00a0\u00a0\u00a0\u00a0\u00a0\u00a0\u00a0LOPES Miguel<br \/>Email :\u00a0 \u00a0 \u00a0 \u00a0m.lopes@mm-concept.lu<br \/>T\u00e9l. :\u00a0\u00a0\u00a0\u00a0\u00a0\u00a0\u00a0\u00a0\u00a0\u00a0\u00a0 +352 691 79 70 73<\/div><\/td><\/tr><\/tbody><\/table><div>\u00a0<\/div><div>Wir k\u00f6nnen diese Datenschutzregeln \u00e4ndern, indem wir eine aktualisierte Version dieser Regeln ver\u00f6ffentlichen. Wir werden Sie angemessen \u00fcber wesentliche \u00c4nderungen informieren.<\/div><div>\u00a0<\/div><h3>II. Grunds\u00e4tze von M &amp; M Concept S.\u00e0.r.l-s zur Achtung der Privatsph\u00e4re<\/h3><div><p>M&amp;M Concept S.\u00e0.r.l-s nimmt den Datenschutz ernst. In \u00dcbereinstimmung mit den in unserem Unternehmen implementierten Schutzrichtlinien bilden die folgenden f\u00fcnf Grunds\u00e4tze die Grundlage unseres Serviceansatzes, um Ihre Privatsph\u00e4re zu respektieren:<\/p><p>1. Unser Unternehmen wird Ihre personenbezogenen Daten stets fair und vertrauensw\u00fcrdig verwenden und alle angemessenen Ma\u00dfnahmen ergreifen, um Ihre Daten vor Missbrauch zu sch\u00fctzen und sicher zu verwahren.<\/p><p>2. Sie haben das Recht, klar dar\u00fcber informiert zu werden, wie wir Ihre personenbezogenen Daten verwenden, und deren Berichtigung oder L\u00f6schung zu verlangen. Wir werden Ihnen immer transparent sein, welche Daten wir sammeln und wie wir sie verwenden.<\/p><p>3. Wir halten alle geltenden Vorschriften zum Schutz personenbezogener Daten ein und arbeiten mit der luxemburgischen Datenschutzbeh\u00f6rde CNPD zusammen.<\/p><\/div><div>\u00a0<\/div><h3>III. Verhaltensregeln von M&amp;M Concept S.\u00e0.r.l-s zur Wahrung der Privatsph\u00e4re<\/h3><h4><strong>Die Umsetzung Ihrer Zustimmung<\/strong><\/h4><div>Bei der Erhebung personenbezogener Daten, die nicht aus einer gesetzlichen oder vertraglichen Verpflichtung resultieren, teilt M&amp;M Concept S.\u00e0.rl-s mit, dass ihre \u00dcbermittlung fakultativ ist, und impliziert, sobald sie \u00fcbermittelt werden, die Zustimmung dazu zu ihrer anschlie\u00dfenden computergest\u00fctzten Verarbeitung durch M &amp; M Concept S.\u00e0.rl-s unter Einhaltung dieser Bedingungen.<\/div><div>Wie sammeln wir Ihre pers\u00f6nlichen Daten?<\/div><div>In diesen Verhaltensregeln zur Wahrung der Privatsph\u00e4re bedeuten Ihre \"pers\u00f6nlichen Daten\" eine oder mehrere Informationen, die Sie identifizieren k\u00f6nnten. Dies umfasst im Allgemeinen Informationen wie Ihren Namen, Ihre Adresse, Anmeldedaten, Ihr Profilbild, Ihre E-Mail-Adresse und Ihre Telefonnummer, kann aber auch andere Informationen \u00fcber Ihre fr\u00fcheren oder gegenw\u00e4rtigen beruflichen Aktivit\u00e4ten enthalten. Wir k\u00f6nnen diese Informationen aus einer Reihe von Quellen sammeln, darunter:<\/div><div>- Die Informationen, die Sie uns direkt geben<\/div><div>- Informationen, die wir m\u00f6glicherweise \u00fcber unsere Partner, Tochterunternehmen, Konzernunternehmen und andere sammeln.<\/div><div>\u00a0<\/div><h4><strong>Wie verwenden wir Ihre pers\u00f6nlichen Daten?<\/strong><\/h4><div>Wir verwenden Ihre personenbezogenen Daten als Teil des Gesamtmanagements der Aktivit\u00e4ten unserer Organisation, n\u00e4mlich:<\/div><div>\u00b7 Um die Servicevertr\u00e4ge zu bearbeiten, die wir mit Ihnen abgeschlossen haben;<\/div><div>\u00b7 Um Ihnen Serviceangebote zu bieten;<\/div><div>\u00b7 Verwaltung der Rechnungsstellung unserer Dienstleistungen sowie Ihrer Rechnungen im Rahmen unserer Buchhaltung;<\/div><div>\u00b7 Um eine Kundendatenbank einzurichten.<\/div><div>\u00a0<\/div><div>Wenn wir personenbezogene Daten nur f\u00fcr diese Zwecke sammeln, speichern wir sie nicht l\u00e4nger als n\u00f6tig, um diesen Zweck zu erf\u00fcllen, es sei denn, wir m\u00fcssen sie aus legitimen rechtlichen oder vertraglichen Gr\u00fcnden aufbewahren.<\/div><div>Um diese Daten vor versehentlicher oder b\u00f6swilliger Zerst\u00f6rung zu sch\u00fctzen, l\u00f6schen wir die verbleibenden Kopien m\u00f6glicherweise nicht sofort von unseren Servern oder Sicherungssystemen, wenn wir sie aus unseren Diensten l\u00f6schen.<\/div><div>\u00a0<\/div><h4><strong>Mit wem teilen wir Ihre pers\u00f6nlichen Daten?<\/strong><\/h4><div>In der Regel geben wir Ihre personenbezogenen Daten nicht au\u00dferhalb von M&amp;M Concept S.\u00e0.rl-s weiter. Im Rahmen der Verwaltung Ihrer personenbezogenen Daten sowie der Geh\u00e4lter und Sozialabgaben geben wir Ihre Daten jedoch an weiter sorgf\u00e4ltig ausgew\u00e4hlte und kontrollierte Subunternehmer.<\/div><div>Wir k\u00f6nnen Ihre personenbezogenen Daten auch an Organisationen weitergeben, wenn wir der Ansicht sind, dass die Offenlegung der Informationen aus rechtlichen Gr\u00fcnden im Zusammenhang mit einer Klage erforderlich ist.<\/div><div>\u00dcbertragen wir Ihre pers\u00f6nlichen Daten in andere L\u00e4nder?<\/div><div>Wir \u00fcbertragen keine Ihrer pers\u00f6nlichen Daten auf Server au\u00dferhalb von Luxemburg und verwenden Prozessoren, die sich verpflichten, Ihre Daten auf luxemburgischem Gebiet zu speichern. Im Falle einer \u00c4nderung der Richtlinien in diesem Bereich erfolgt diese \u00dcbertragung in \u00dcbereinstimmung mit den Gesetzen zum Schutz der Privatsph\u00e4re und Sie werden informiert.<\/div><div>\u00a0<\/div><h4><strong>Wie sch\u00fctzen wir Ihre pers\u00f6nlichen Daten?<\/strong><\/h4><div>Wir treffen alle angemessenen Vorkehrungen, um Ihre pers\u00f6nlichen Daten zu sch\u00fctzen, und wir verlangen von jedem Dritten, der Ihre pers\u00f6nlichen Daten verarbeitet oder verarbeitet, dass wir dies tun.<\/div><div>Wenn M&amp;M Concept S.\u00e0.r.l-s mit anderen Unternehmen zusammenarbeitet, wird die Auswahl dieser Unternehmen erst nach einem vollst\u00e4ndigen Auswahlverfahren getroffen. Bei diesem Auswahlverfahren wird jeder einzelne Dienstleister sorgf\u00e4ltig auf seine Eignung hinsichtlich technischer und organisatorischer F\u00e4higkeiten im Datenschutz ausgew\u00e4hlt. Dieses Auswahlverfahren wird schriftlich dokumentiert und ein Vertrag \u00fcber die Verarbeitung von Vertragsdaten wird nur geschlossen, wenn er den ermittelten Sicherheitsanforderungen einschlie\u00dflich der europ\u00e4ischen und nationalen beh\u00f6rdlichen Anforderungen entspricht.<\/div><div>Der Zugriff auf Ihre pers\u00f6nlichen Daten ist beschr\u00e4nkt, um unbefugten Zugriff, \u00c4nderungen oder Missbrauch zu verhindern. Er ist nur unseren Mitarbeitern und Vertretern gestattet, die diese im Rahmen ihrer Mission ben\u00f6tigen.<\/div><div>\u00a0<\/div><h3>Spezifische Verwendung Ihrer Daten<\/h3><div><strong>Cookies<\/strong><\/div><div>Cookies sind kleine Textdateien, die von ihrem Webbrowser auf dem Computer eines Website-Besuchers gespeichert werden k\u00f6nnen. Mit ihnen k\u00f6nnen Sie pers\u00f6nliche Betriebsparameter auf der Website erstellen.<\/div><div>Cookies werden von M&amp;M Concept S.\u00e0.r.l-s verwendet, um die Nutzung unserer Website in anonymer oder pseudonymisierter Form zu analysieren und dem Benutzer erweiterte Funktionen bereitzustellen. Die Nutzung der Website ist ohne Cookies nicht m\u00f6glich. Die meisten Browser sind so konfiguriert, dass Cookies automatisch akzeptiert werden. Im Allgemeinen k\u00f6nnen Sie verhindern, dass Cookies auf Ihrer Festplatte gespeichert werden, indem Sie \"<em>Ne pas accepter les cookies<\/em>In Ihren Browsereinstellungen. Sie k\u00f6nnen Ihren Browser auch so konfigurieren, dass er vor dem Speichern von Cookies um Erlaubnis bittet. Schlie\u00dflich k\u00f6nnen Sie zuvor gesetzte Cookies jederzeit l\u00f6schen. Anweisungen zur Implementierung dieser Ma\u00dfnahme finden Sie in den Anweisungen Ihres Browsers.<\/div><div>\u00a0<\/div><div><strong>Verwendung Ihrer Daten zu Informations- und Werbezwecken<\/strong><\/div><div>Neben der Bereitstellung unserer Dienste verwenden wir Ihre pers\u00f6nlichen Daten auch, um mit Ihnen \u00fcber unsere Marketingangebote oder Werbeaktionen zu kommunizieren und andere Dienste zu empfehlen, die f\u00fcr Sie von Interesse sein k\u00f6nnten.<\/div><div>Insbesondere k\u00f6nnen wir Ihre pers\u00f6nlichen Daten verwenden, um Ihnen Folgendes zu senden:<\/div><div>\u00b7 Informationen per E-Mail \u00fcber unsere Serviceangebote, wenn Sie ein Benutzerkonto erstellt und sich ausdr\u00fccklich angemeldet haben;<\/div><div>- Ein Newsletter, wenn Sie sich ausdr\u00fccklich daf\u00fcr entschieden haben, ihn auf unserer Website zu erhalten, in einer unserer Informations-E-Mails, indem Sie auf einen Link klicken, der angibt, dass Sie unseren Newsletter erhalten m\u00f6chten, oder durch schriftliche Zustimmung, indem Sie das Formular ausf\u00fcllen der Zustimmung.<\/div><div>Wenn Sie keine Informationen oder Newsletter mehr per E-Mail von uns erhalten m\u00f6chten, k\u00f6nnen Sie jederzeit Widerspruch einlegen, indem Sie uns per E-Mail kontaktieren oder den Link verwenden, den Sie in jeder unserer E-Mails oder Newsletter finden.<\/div><div>\u00a0<\/div><div><strong>Was sind Ihre Rechte und wie k\u00f6nnen Sie sie aus\u00fcben?<\/strong><\/div><div>Wenn Sie Fragen, Kommentare oder Bedenken zum Umgang mit Ihren personenbezogenen Daten haben, k\u00f6nnen Sie sich direkt an den Datenschutzbeauftragten wenden.<\/div><div>\u00a0<\/div><div>Sie haben das Recht:<\/div><div>- Bitten Sie uns um eine Kopie der personenbezogenen Daten, die wir \u00fcber Sie gespeichert haben.<\/div><div>- Bitten Sie uns, Ihre pers\u00f6nlichen Daten in unseren Aufzeichnungen zu korrigieren, zu aktualisieren oder zu l\u00f6schen<\/div><div>- Benachrichtigen Sie uns \u00fcber jeden Missbrauch Ihrer pers\u00f6nlichen Daten<\/div><div>\u00a0<\/div><div>Wenn Sie der Meinung sind, dass Ihre pers\u00f6nlichen Daten nicht in \u00dcbereinstimmung mit dem Gesetz verarbeitet wurden, k\u00f6nnen Sie sich an die CNPD wenden (<a href=\"http:\/\/www.cnpd.lu\/\">www.cnpd.lu<\/a>\u00a0ou\u00a0<a href=\"mailto:databreach@cnpd.lu\">databreach@cnpd.lu<\/a>) et d\u00e9poser une plainte aupr\u00e8s d\u2019elle.<\/div>\t\t\t\t\t\t\t\t<\/div>\n\t\t\t\t<\/div>\n\t\t\t\t\t<\/div>\n\t\t<\/div>\n\t\t\t\t\t<\/div>\n\t\t<\/section>\n\t\t\t\t<\/div>","protected":false},"excerpt":{"rendered":"<p>Notice \u00e0 l\u2019attention des clients de la soci\u00e9t\u00e9 I. Informations g\u00e9n\u00e9rales Derni\u00e8re mise \u00e0 jour\u00a0:29 mai 2020\u00a0Notre engagementM&amp;M Concept S.\u00e0.r.l-s s\u2019engage \u00e0 prot\u00e9ger votre vie priv\u00e9e et veille \u00e0 la protection de vos renseignements personnels. Ces r\u00e8gles de conduite sur le respect de la vie priv\u00e9e expliquent le type de donn\u00e9es personnelles que nous collectons [&hellip;]<\/p>\n","protected":false},"author":1,"featured_media":0,"parent":0,"menu_order":0,"comment_status":"closed","ping_status":"closed","template":"","meta":{"ocean_post_layout":"full-screen","ocean_both_sidebars_style":"","ocean_both_sidebars_content_width":0,"ocean_both_sidebars_sidebars_width":0,"ocean_sidebar":"0","ocean_second_sidebar":"0","ocean_disable_margins":"enable","ocean_add_body_class":"","ocean_shortcode_before_top_bar":"","ocean_shortcode_after_top_bar":"","ocean_shortcode_before_header":"","ocean_shortcode_after_header":"","ocean_has_shortcode":"","ocean_shortcode_after_title":"","ocean_shortcode_before_footer_widgets":"","ocean_shortcode_after_footer_widgets":"","ocean_shortcode_before_footer_bottom":"","ocean_shortcode_after_footer_bottom":"","ocean_display_top_bar":"on","ocean_display_header":"on","ocean_header_style":"","ocean_center_header_left_menu":"0","ocean_custom_header_template":"0","ocean_custom_logo":0,"ocean_custom_retina_logo":0,"ocean_custom_logo_max_width":0,"ocean_custom_logo_tablet_max_width":0,"ocean_custom_logo_mobile_max_width":0,"ocean_custom_logo_max_height":0,"ocean_custom_logo_tablet_max_height":0,"ocean_custom_logo_mobile_max_height":0,"ocean_header_custom_menu":"0","ocean_menu_typo_font_family":"0","ocean_menu_typo_font_subset":"","ocean_menu_typo_font_size":0,"ocean_menu_typo_font_size_tablet":0,"ocean_menu_typo_font_size_mobile":0,"ocean_menu_typo_font_size_unit":"px","ocean_menu_typo_font_weight":"","ocean_menu_typo_font_weight_tablet":"","ocean_menu_typo_font_weight_mobile":"","ocean_menu_typo_transform":"","ocean_menu_typo_transform_tablet":"","ocean_menu_typo_transform_mobile":"","ocean_menu_typo_line_height":0,"ocean_menu_typo_line_height_tablet":0,"ocean_menu_typo_line_height_mobile":0,"ocean_menu_typo_line_height_unit":"","ocean_menu_typo_spacing":0,"ocean_menu_typo_spacing_tablet":0,"ocean_menu_typo_spacing_mobile":0,"ocean_menu_typo_spacing_unit":"","ocean_menu_link_color":"","ocean_menu_link_color_hover":"","ocean_menu_link_color_active":"","ocean_menu_link_background":"","ocean_menu_link_hover_background":"","ocean_menu_link_active_background":"","ocean_menu_social_links_bg":"","ocean_menu_social_hover_links_bg":"","ocean_menu_social_links_color":"","ocean_menu_social_hover_links_color":"","ocean_disable_title":"on","ocean_disable_heading":"default","ocean_post_title":"","ocean_post_subheading":"","ocean_post_title_style":"","ocean_post_title_background_color":"","ocean_post_title_background":0,"ocean_post_title_bg_image_position":"","ocean_post_title_bg_image_attachment":"","ocean_post_title_bg_image_repeat":"","ocean_post_title_bg_image_size":"","ocean_post_title_height":0,"ocean_post_title_bg_overlay":0.5,"ocean_post_title_bg_overlay_color":"","ocean_disable_breadcrumbs":"default","ocean_breadcrumbs_color":"","ocean_breadcrumbs_separator_color":"","ocean_breadcrumbs_links_color":"","ocean_breadcrumbs_links_hover_color":"","ocean_display_footer_widgets":"default","ocean_display_footer_bottom":"default","ocean_custom_footer_template":"0","footnotes":""},"class_list":["post-326","page","type-page","status-publish","hentry","entry"],"yoast_head":"<!-- This site is optimized with the Yoast SEO Premium plugin v27.4 (Yoast SEO v27.4) - https:\/\/yoast.com\/product\/yoast-seo-premium-wordpress\/ -->\n<title>Entreprise de r\u00e9novation au Luxembourg | M&amp;M Concept<\/title>\n<meta name=\"description\" content=\"M&amp;M Concept, entreprise de r\u00e9novation au Luxembourg. Salle de bain, fa\u00e7ade, carrelage et r\u00e9novation compl\u00e8te. Devis rapide et accompagnement professionnel.\" \/>\n<meta name=\"robots\" content=\"index, follow, max-snippet:-1, max-image-preview:large, max-video-preview:-1\" \/>\n<link rel=\"canonical\" href=\"https:\/\/mm-concept.lu\/de\/confidentialite\/\" \/>\n<meta property=\"og:locale\" content=\"de_DE\" \/>\n<meta property=\"og:type\" content=\"article\" \/>\n<meta property=\"og:title\" content=\"Confidentialite M&amp;M Concept \u2013 R\u00e9novation &amp; Construction au Luxembourg\" \/>\n<meta property=\"og:description\" content=\"Vous avez un projet de r\u00e9novation ?M&amp;M Concept vous accompagne de A \u00e0 Z au Luxembourg.Contactez-nous pour un devis rapide.\" \/>\n<meta property=\"og:url\" content=\"https:\/\/mm-concept.lu\/de\/confidentialite\/\" \/>\n<meta property=\"og:site_name\" content=\"M&amp;M-concept\" \/>\n<meta property=\"article:publisher\" content=\"https:\/\/www.facebook.com\/profile.php?id=100063796921636\" \/>\n<meta property=\"article:modified_time\" content=\"2020-07-20T07:39:52+00:00\" \/>\n<meta property=\"og:image\" content=\"https:\/\/mm-concept.lu\/wp-content\/uploads\/2026\/02\/1-1.png\" \/>\n\t<meta property=\"og:image:width\" content=\"1536\" \/>\n\t<meta property=\"og:image:height\" content=\"1024\" \/>\n\t<meta property=\"og:image:type\" content=\"image\/png\" \/>\n<meta name=\"twitter:card\" content=\"summary_large_image\" \/>\n<meta name=\"twitter:label1\" content=\"Gesch\u00e4tzte Lesezeit\" \/>\n\t<meta name=\"twitter:data1\" content=\"8\u00a0Minuten\" \/>\n<script type=\"application\/ld+json\" class=\"yoast-schema-graph\">{\"@context\":\"https:\\\/\\\/schema.org\",\"@graph\":[{\"@type\":\"WebPage\",\"@id\":\"https:\\\/\\\/mm-concept.lu\\\/confidentialite\\\/\",\"url\":\"https:\\\/\\\/mm-concept.lu\\\/confidentialite\\\/\",\"name\":\"Entreprise de r\u00e9novation au Luxembourg | M&M Concept\",\"isPartOf\":{\"@id\":\"https:\\\/\\\/mm-concept.lu\\\/#website\"},\"datePublished\":\"2020-05-29T10:31:31+00:00\",\"dateModified\":\"2020-07-20T07:39:52+00:00\",\"description\":\"M&M Concept, entreprise de r\u00e9novation au Luxembourg. Salle de bain, fa\u00e7ade, carrelage et r\u00e9novation compl\u00e8te. Devis rapide et accompagnement professionnel.\",\"breadcrumb\":{\"@id\":\"https:\\\/\\\/mm-concept.lu\\\/confidentialite\\\/#breadcrumb\"},\"inLanguage\":\"de\",\"potentialAction\":[{\"@type\":\"ReadAction\",\"target\":[\"https:\\\/\\\/mm-concept.lu\\\/confidentialite\\\/\"]}]},{\"@type\":\"BreadcrumbList\",\"@id\":\"https:\\\/\\\/mm-concept.lu\\\/confidentialite\\\/#breadcrumb\",\"itemListElement\":[{\"@type\":\"ListItem\",\"position\":1,\"name\":\"Accueil\",\"item\":\"https:\\\/\\\/mm-concept.lu\\\/\"},{\"@type\":\"ListItem\",\"position\":2,\"name\":\"Confidentialite\"}]},{\"@type\":\"WebSite\",\"@id\":\"https:\\\/\\\/mm-concept.lu\\\/#website\",\"url\":\"https:\\\/\\\/mm-concept.lu\\\/\",\"name\":\"M&M-concept\",\"description\":\"Entreprise de r\u00e9novation et construction au Luxembourg\",\"publisher\":{\"@id\":\"https:\\\/\\\/mm-concept.lu\\\/#organization\"},\"alternateName\":\"MM Concept Luxembourg\",\"potentialAction\":[{\"@type\":\"SearchAction\",\"target\":{\"@type\":\"EntryPoint\",\"urlTemplate\":\"https:\\\/\\\/mm-concept.lu\\\/?s={search_term_string}\"},\"query-input\":{\"@type\":\"PropertyValueSpecification\",\"valueRequired\":true,\"valueName\":\"search_term_string\"}}],\"inLanguage\":\"de\"},{\"@type\":\"Organization\",\"@id\":\"https:\\\/\\\/mm-concept.lu\\\/#organization\",\"name\":\"M&M Concept\",\"alternateName\":\"MM Concept Luxembourg\",\"url\":\"https:\\\/\\\/mm-concept.lu\\\/\",\"logo\":{\"@type\":\"ImageObject\",\"inLanguage\":\"de\",\"@id\":\"https:\\\/\\\/mm-concept.lu\\\/#\\\/schema\\\/logo\\\/image\\\/\",\"url\":\"https:\\\/\\\/mm-concept.lu\\\/wp-content\\\/uploads\\\/2020\\\/03\\\/MM-Portraitlogo.png\",\"contentUrl\":\"https:\\\/\\\/mm-concept.lu\\\/wp-content\\\/uploads\\\/2020\\\/03\\\/MM-Portraitlogo.png\",\"width\":1920,\"height\":1080,\"caption\":\"M&M Concept\"},\"image\":{\"@id\":\"https:\\\/\\\/mm-concept.lu\\\/#\\\/schema\\\/logo\\\/image\\\/\"},\"sameAs\":[\"https:\\\/\\\/www.facebook.com\\\/profile.php?id=100063796921636\"],\"description\":\"Entreprise de r\u00e9novation et construction au Luxembourg, M&M Concept accompagne ses clients pour les travaux de salle de bain, fa\u00e7ade, carrelage et r\u00e9novation compl\u00e8te. Un seul interlocuteur pour tous vos travaux, avec devis rapide et suivi professionnel.\",\"email\":\"info@mm-concept.lu\",\"telephone\":\"+352 20 33 10 00\",\"legalName\":\"M&M Concept\",\"foundingDate\":\"2020-07-30\",\"vatID\":\"LU32346842\",\"numberOfEmployees\":{\"@type\":\"QuantitativeValue\",\"minValue\":\"11\",\"maxValue\":\"50\"}}]}<\/script>\n<!-- \/ Yoast SEO Premium plugin. -->","yoast_head_json":{"title":"Entreprise de r\u00e9novation au Luxembourg | M&M Concept","description":"M&M Concept, entreprise de r\u00e9novation au Luxembourg. Salle de bain, fa\u00e7ade, carrelage et r\u00e9novation compl\u00e8te. Devis rapide et accompagnement professionnel.","robots":{"index":"index","follow":"follow","max-snippet":"max-snippet:-1","max-image-preview":"max-image-preview:large","max-video-preview":"max-video-preview:-1"},"canonical":"https:\/\/mm-concept.lu\/de\/confidentialite\/","og_locale":"de_DE","og_type":"article","og_title":"Confidentialite M&M Concept \u2013 R\u00e9novation & Construction au Luxembourg","og_description":"Vous avez un projet de r\u00e9novation ?M&M Concept vous accompagne de A \u00e0 Z au Luxembourg.Contactez-nous pour un devis rapide.","og_url":"https:\/\/mm-concept.lu\/de\/confidentialite\/","og_site_name":"M&amp;M-concept","article_publisher":"https:\/\/www.facebook.com\/profile.php?id=100063796921636","article_modified_time":"2020-07-20T07:39:52+00:00","og_image":[{"width":1536,"height":1024,"url":"https:\/\/mm-concept.lu\/wp-content\/uploads\/2026\/02\/1-1.png","type":"image\/png"}],"twitter_card":"summary_large_image","twitter_misc":{"Gesch\u00e4tzte Lesezeit":"8\u00a0Minuten"},"schema":{"@context":"https:\/\/schema.org","@graph":[{"@type":"WebPage","@id":"https:\/\/mm-concept.lu\/confidentialite\/","url":"https:\/\/mm-concept.lu\/confidentialite\/","name":"Entreprise de r\u00e9novation au Luxembourg | M&M Concept","isPartOf":{"@id":"https:\/\/mm-concept.lu\/#website"},"datePublished":"2020-05-29T10:31:31+00:00","dateModified":"2020-07-20T07:39:52+00:00","description":"M&M Concept, entreprise de r\u00e9novation au Luxembourg. Salle de bain, fa\u00e7ade, carrelage et r\u00e9novation compl\u00e8te. Devis rapide et accompagnement professionnel.","breadcrumb":{"@id":"https:\/\/mm-concept.lu\/confidentialite\/#breadcrumb"},"inLanguage":"de","potentialAction":[{"@type":"ReadAction","target":["https:\/\/mm-concept.lu\/confidentialite\/"]}]},{"@type":"BreadcrumbList","@id":"https:\/\/mm-concept.lu\/confidentialite\/#breadcrumb","itemListElement":[{"@type":"ListItem","position":1,"name":"Accueil","item":"https:\/\/mm-concept.lu\/"},{"@type":"ListItem","position":2,"name":"Confidentialite"}]},{"@type":"WebSite","@id":"https:\/\/mm-concept.lu\/#website","url":"https:\/\/mm-concept.lu\/","name":"M&M-concept","description":"Entreprise de r\u00e9novation et construction au Luxembourg","publisher":{"@id":"https:\/\/mm-concept.lu\/#organization"},"alternateName":"MM Concept Luxembourg","potentialAction":[{"@type":"SearchAction","target":{"@type":"EntryPoint","urlTemplate":"https:\/\/mm-concept.lu\/?s={search_term_string}"},"query-input":{"@type":"PropertyValueSpecification","valueRequired":true,"valueName":"search_term_string"}}],"inLanguage":"de"},{"@type":"Organization","@id":"https:\/\/mm-concept.lu\/#organization","name":"M&M Concept","alternateName":"MM Concept Luxembourg","url":"https:\/\/mm-concept.lu\/","logo":{"@type":"ImageObject","inLanguage":"de","@id":"https:\/\/mm-concept.lu\/#\/schema\/logo\/image\/","url":"https:\/\/mm-concept.lu\/wp-content\/uploads\/2020\/03\/MM-Portraitlogo.png","contentUrl":"https:\/\/mm-concept.lu\/wp-content\/uploads\/2020\/03\/MM-Portraitlogo.png","width":1920,"height":1080,"caption":"M&M Concept"},"image":{"@id":"https:\/\/mm-concept.lu\/#\/schema\/logo\/image\/"},"sameAs":["https:\/\/www.facebook.com\/profile.php?id=100063796921636"],"description":"Entreprise de r\u00e9novation et construction au Luxembourg, M&M Concept accompagne ses clients pour les travaux de salle de bain, fa\u00e7ade, carrelage et r\u00e9novation compl\u00e8te. Un seul interlocuteur pour tous vos travaux, avec devis rapide et suivi professionnel.","email":"info@mm-concept.lu","telephone":"+352 20 33 10 00","legalName":"M&M Concept","foundingDate":"2020-07-30","vatID":"LU32346842","numberOfEmployees":{"@type":"QuantitativeValue","minValue":"11","maxValue":"50"}}]}},"_links":{"self":[{"href":"https:\/\/mm-concept.lu\/de\/wp-json\/wp\/v2\/pages\/326","targetHints":{"allow":["GET"]}}],"collection":[{"href":"https:\/\/mm-concept.lu\/de\/wp-json\/wp\/v2\/pages"}],"about":[{"href":"https:\/\/mm-concept.lu\/de\/wp-json\/wp\/v2\/types\/page"}],"author":[{"embeddable":true,"href":"https:\/\/mm-concept.lu\/de\/wp-json\/wp\/v2\/users\/1"}],"replies":[{"embeddable":true,"href":"https:\/\/mm-concept.lu\/de\/wp-json\/wp\/v2\/comments?post=326"}],"version-history":[{"count":0,"href":"https:\/\/mm-concept.lu\/de\/wp-json\/wp\/v2\/pages\/326\/revisions"}],"wp:attachment":[{"href":"https:\/\/mm-concept.lu\/de\/wp-json\/wp\/v2\/media?parent=326"}],"curies":[{"name":"wp","href":"https:\/\/api.w.org\/{rel}","templated":true}]}}